{"id":286,"date":"2025-12-09T15:27:23","date_gmt":"2025-12-09T15:27:23","guid":{"rendered":"https:\/\/jfaconsultoria.es\/?page_id=286"},"modified":"2025-12-12T13:33:55","modified_gmt":"2025-12-12T13:33:55","slug":"noticias","status":"publish","type":"page","link":"https:\/\/jfaconsultoria.es\/?page_id=286","title":{"rendered":""},"content":{"rendered":"\n<style>\n\/* -------- FULL WIDTH CONTROLADO -------- *\/\n.fullwidth-wrapper {\n    width: 100%;\n    max-width: 1600px;\n    margin: 0 auto;\n    padding: 0 40px;\n    box-sizing: border-box;\n}\n\n\/* -------- GRID -------- *\/\n.news-grid {\n    display: grid;\n    grid-template-columns: repeat(4, 1fr);\n    gap: 30px;\n    width: 100%;\n}\n\n\/* -------- TARJETAS -------- *\/\n.news-card {\n    background: #ffffff;\n    border-radius: 10px;\n    overflow: hidden;\n    transition: transform 0.25s ease, box-shadow 0.25s ease;\n    cursor: pointer;\n}\n\n.news-card:hover {\n    transform: translateY(-6px);\n    box-shadow: 0 12px 30px rgba(0,0,0,0.12);\n}\n\n.news-card img {\n    width: 100%;\n    height: 190px;\n    object-fit: cover;\n}\n\n.news-content {\n    padding: 18px;\n    display: flex;\n    flex-direction: column;\n}\n\n\/* T\u00edtulo con altura fija para alinear todas las tarjetas *\/\n.news-title {\n    font-size: 18px;\n    font-weight: 600;\n    margin: 0 0 12px 0;\n    min-height: 48px; \/* altura fija *\/\n    display: flex;\n    align-items: flex-start;\n}\n\n\/* L\u00ednea separadora *\/\n.news-separator {\n    width: 100%;\n    height: 1px;\n    background: rgba(0,0,0,0.12);\n    margin: 0 0 12px 0;\n}\n\n\/* Bot\u00f3n Leer M\u00e1s alineado siempre abajo *\/\n.news-more {\n    font-size: 14px;\n    font-weight: 600;\n    display: inline-flex;\n    align-items: center;\n    gap: 4px;\n    margin-top: auto;\n}\n\n.news-more::after {\n    content: \"\u2197\";\n}\n\n\/* -------- RESPONSIVE -------- *\/\n@media(max-width: 1024px) {\n    .news-grid { grid-template-columns: repeat(2, 1fr); }\n}\n\n@media(max-width: 600px) {\n    .news-grid { grid-template-columns: repeat(1, 1fr); }\n}\n\n\/* ======== SECCI\u00d3N DE NOTICIA COMPLETA ======== *\/\n#news-viewer {\n    display: none;\n    margin: 60px auto;\n    width: 100%;\n    max-width: 900px;\n    animation: fadeInUp 0.5s ease;\n}\n\n@keyframes fadeInUp {\n    from { opacity: 0; transform: translateY(20px); }\n    to { opacity: 1; transform: translateY(0); }\n}\n\n.viewer-img {\n    width: 100%;\n    max-height: 420px;\n    object-fit: cover;\n    border-radius: 12px;\n    margin-bottom: 25px;\n}\n\n.viewer-title {\n    font-size: 32px;\n    font-weight: 500;\n    margin-bottom: 10px;\n}\n\n.viewer-date {\n    color: #777;\n    font-size: 15px;\n    margin-bottom: 25px;\n}\n\n.viewer-text {\n    font-size: 14px;\n    line-height: 1.65;\n    color: #444;\n    white-space: pre-line;\n    margin-bottom: 40px;\n}\n\n\/* ======== OCULTAR NOTICIAS NO PUBLICADAS ======== *\/\n.hidden {\n    display: none !important;\n}\n<\/style>\n\n<div class=\"fullwidth-wrapper\">\n    <div class=\"news-grid\">\n\n        <!-- TARJETAS 1\u20138 -->\n        <div class=\"news-card\" onclick=\"openViewer(1)\">\n            <img decoding=\"async\" src=\"http:\/\/jfaconsultoria.es\/wp-content\/uploads\/2025\/12\/NOTICIA1.png\" alt=\"\">\n            <div class=\"news-content\">\n                <div class=\"news-title\">JFA ampl\u00eda su actividad y aterriza en las Islas Baleares<\/div>\n                <div class=\"news-separator\"><\/div>\n                <div class=\"news-more\">Leer m\u00e1s<\/div>\n            <\/div>\n        <\/div>\n\n        <div class=\"news-card hidden\" onclick=\"openViewer(2)\">\n            <img decoding=\"async\" src=\"http:\/\/jfaconsultoria.es\/wp-content\/uploads\/2025\/12\/NOTICIA2.png\" alt=\"\">\n            <div class=\"news-content\">\n                <div class=\"news-title\">Nuevo proyecto estrat\u00e9gico en Navarra para optimizar la gesti\u00f3n farmac\u00e9utica<\/div>\n                <div class=\"news-separator\"><\/div>\n                <div class=\"news-more\">Leer m\u00e1s<\/div>\n            <\/div>\n        <\/div>\n\n        <div class=\"news-card hidden\" onclick=\"openViewer(3)\">\n            <img decoding=\"async\" src=\"http:\/\/jfaconsultoria.es\/wp-content\/uploads\/2025\/12\/NOTICIA4.png\" alt=\"\">\n            <div class=\"news-content\">\n                <div class=\"news-title\">Participamos por primera vez en INFARMA<\/div>\n                <div class=\"news-separator\"><\/div>\n                <div class=\"news-more\">Leer m\u00e1s<\/div>\n            <\/div>\n        <\/div>\n\n        <div class=\"news-card hidden\" onclick=\"openViewer(4)\">\n            <img decoding=\"async\" src=\"http:\/\/jfaconsultoria.es\/wp-content\/uploads\/2025\/12\/NOTICIA3.png\" alt=\"\">\n            <div class=\"news-content\">\n                <div class=\"news-title\">Comenzamos actividad en Arag\u00f3n<\/div>\n                <div class=\"news-separator\"><\/div>\n                <div class=\"news-more\">Leer m\u00e1s<\/div>\n            <\/div>\n        <\/div>\n\n        <div class=\"news-card hidden\" onclick=\"openViewer(5)\">\n            <img decoding=\"async\" src=\"http:\/\/jfaconsultoria.es\/wp-content\/uploads\/2025\/12\/NOTICIA1.png\" alt=\"\">\n            <div class=\"news-content\">\n                <div class=\"news-title\">T\u00edtulo noticia 5<\/div>\n                <div class=\"news-separator\"><\/div>\n                <div class=\"news-more\">Leer m\u00e1s<\/div>\n            <\/div>\n        <\/div>\n\n        <div class=\"news-card hidden\" onclick=\"openViewer(6)\">\n            <img decoding=\"async\" src=\"http:\/\/jfaconsultoria.es\/wp-content\/uploads\/2025\/12\/NOTICIA2.png\" alt=\"\">\n            <div class=\"news-content\">\n                <div class=\"news-title\">T\u00edtulo noticia 6<\/div>\n                <div class=\"news-separator\"><\/div>\n                <div class=\"news-more\">Leer m\u00e1s<\/div>\n            <\/div>\n        <\/div>\n\n        <div class=\"news-card hidden\" onclick=\"openViewer(7)\">\n            <img decoding=\"async\" src=\"http:\/\/jfaconsultoria.es\/wp-content\/uploads\/2025\/12\/NOTICIA4.png\" alt=\"\">\n            <div class=\"news-content\">\n                <div class=\"news-title\">T\u00edtulo noticia 7<\/div>\n                <div class=\"news-separator\"><\/div>\n                <div class=\"news-more\">Leer m\u00e1s<\/div>\n            <\/div>\n        <\/div>\n\n        <div class=\"news-card hidden\" onclick=\"openViewer(8)\">\n            <img decoding=\"async\" src=\"http:\/\/jfaconsultoria.es\/wp-content\/uploads\/2025\/12\/NOTICIA3.png\" alt=\"\">\n            <div class=\"news-content\">\n                <div class=\"news-title\">T\u00edtulo noticia 8<\/div>\n                <div class=\"news-separator\"><\/div>\n                <div class=\"news-more\">Leer m\u00e1s<\/div>\n            <\/div>\n        <\/div>\n\n    <\/div>\n\n    <!-- VISOR DE NOTICIAS -->\n    <div id=\"news-viewer\">\n        <img decoding=\"async\" id=\"viewer-img\" class=\"viewer-img\" src=\"\" alt=\"\">\n        <div id=\"viewer-title\" class=\"viewer-title\"><\/div>\n        <div id=\"viewer-date\" class=\"viewer-date\"><\/div>\n        <div id=\"viewer-text\" class=\"viewer-text\"><\/div>\n    <\/div>\n\n    <!-- OBJETO DE DATOS -->\n    <script>\n    const newsData = {\n        1: { img: \"http:\/\/jfaconsultoria.es\/wp-content\/uploads\/2025\/12\/NOTICIA1.png\", title: \"JFA ampl\u00eda su actividad y aterriza en las Islas Baleares\", date: \"Fecha de publicaci\u00f3n: 05\/12\/2025\", text: \"JFA contin\u00faa su proceso de expansi\u00f3n y abre nueva l\u00ednea de trabajo en las Islas Baleares. Con esta incorporaci\u00f3n, reforzamos nuestra presencia en el territorio nacional y llevamos nuestras soluciones de consultor\u00eda farmac\u00e9utica a una comunidad con una alta demanda de optimizaci\u00f3n, gesti\u00f3n y soporte t\u00e9cnico especializado. Esta nueva etapa nos permitir\u00e1 acompa\u00f1ar a farmacias de Mallorca, Menorca e Ibiza con un servicio cercano, profesional y alineado con las necesidades del sector en la zona. Nuestra intenci\u00f3n es consolidar una presencia estable y aportar valor real a las oficinas de farmacia de las islas.\" },\n        2: { img: \"http:\/\/jfaconsultoria.es\/wp-content\/uploads\/2025\/12\/NOTICIA2.png\", title: \"Nuevo proyecto estrat\u00e9gico en Navarra para optimizar la gesti\u00f3n farmac\u00e9utica\", date: \"Fecha de publicaci\u00f3n: 00\/00\/0000\", text: \"Hemos iniciado un proyecto integral...\" },\n        3: { img: \"http:\/\/jfaconsultoria.es\/wp-content\/uploads\/2025\/12\/NOTICIA4.png\", title: \"Participamos por primera vez en INFARMA\", date: \"Fecha de publicaci\u00f3n: 00\/00\/0000\", text: \"Presentamos nuestras soluciones...\" },\n        4: { img: \"http:\/\/jfaconsultoria.es\/wp-content\/uploads\/2025\/12\/NOTICIA3.png\", title: \"Comenzamos actividad en Arag\u00f3n\", date: \"Fecha de publicaci\u00f3n: 00\/00\/0000\", text: \"Lanzamos iniciativas...\" },\n        5: { img: \"http:\/\/jfaconsultoria.es\/wp-content\/uploads\/2025\/12\/NOTICIA1.png\", title: \"T\u00edtulo noticia 5\", date: \"Fecha de publicaci\u00f3n: 00\/00\/0000\", text: \"Texto completo noticia 5...\" },\n        6: { img: \"http:\/\/jfaconsultoria.es\/wp-content\/uploads\/2025\/12\/NOTICIA2.png\", title: \"T\u00edtulo noticia 6\", date: \"Fecha de publicaci\u00f3n: 00\/00\/0000\", text: \"Texto completo noticia 6...\" },\n        7: { img: \"http:\/\/jfaconsultoria.es\/wp-content\/uploads\/2025\/12\/NOTICIA4.png\", title: \"T\u00edtulo noticia 7\", date: \"Fecha de publicaci\u00f3n: 00\/00\/0000\", text: \"Texto completo noticia 7...\" },\n        8: { img: \"http:\/\/jfaconsultoria.es\/wp-content\/uploads\/2025\/12\/NOTICIA3.png\", title: \"T\u00edtulo noticia 8\", date: \"Fecha de publicaci\u00f3n: 00\/00\/0000\", text: \"Texto completo noticia 8...\" }\n    };\n    <\/script>\n\n    <!-- FUNCIONES -->\n    <script>\n    function openViewer(id) {\n        const data = newsData[id];\n        if (!data) return;\n\n        document.getElementById(\"viewer-img\").src = data.img;\n        document.getElementById(\"viewer-title\").innerText = data.title;\n        document.getElementById(\"viewer-date\").innerText = data.date;\n        document.getElementById(\"viewer-text\").innerText = data.text;\n\n        document.getElementById(\"news-viewer\").style.display = \"block\";\n        document.getElementById(\"news-viewer\").scrollIntoView({ behavior: \"smooth\" });\n    }\n    <\/script>\n<\/div>\n\n\n\n<p><br><\/p>\n\n\n\n<!-- Marca el inicio de la p\u00e1gina -->\n<div id=\"top\"><\/div>\n\n<!-- Bot\u00f3n subir arriba -->\n<a href=\"#top\" class=\"scroll-top\" title=\"Volver arriba\">\u2191<\/a>\n\n<!-- CSS -->\n<style>\n\/* Bot\u00f3n subir arriba estilo similar a WhatsApp *\/\n.scroll-top {\n    position: fixed;\n    bottom: 20px; \/* ajusta seg\u00fan tu bot\u00f3n WhatsApp *\/\n    right: 22px;\n    display: flex;\n    align-items: center;\n    justify-content: center;\n\n    padding: 8px 14px; \/* igual que WhatsApp para que el fondo tenga misma altura *\/\n    background: rgba(255, 255, 255, 0.75); \/* fondo blanco transl\u00facido *\/\n    border-radius: 20px; \/* mismo que WhatsApp *\/\n    \n    color: #000;  \/* flecha negra *\/\n    font-size: 20px; \/* un poco m\u00e1s peque\u00f1o que antes para que no se vea gigante *\/\n    font-weight: bold;\n    text-decoration: none;\n    cursor: pointer;\n    z-index: 10000;\n    opacity: 0.9;\n    transition: transform 0.18s ease, opacity 0.3s;\n    display: none; \/* oculto inicialmente *\/\n}\n\n.scroll-top:hover {\n    transform: scale(1.05);\n    opacity: 1;\n}\n<\/style>\n\n<!-- JavaScript -->\n<script>\nconst scrollBtn = document.querySelector('.scroll-top');\n\n\/\/ Mostrar el bot\u00f3n al bajar 300px\nwindow.addEventListener('scroll', () => {\n  if (window.scrollY > 300) {\n    scrollBtn.style.display = 'flex';\n  } else {\n    scrollBtn.style.display = 'none';\n  }\n});\n\n\/\/ Scroll suave al hacer clic\nscrollBtn.addEventListener('click', (e) => {\n  e.preventDefault();\n  window.scrollTo({ top: 0, behavior: 'smooth' });\n});\n<\/script>\n","protected":false},"excerpt":{"rendered":"<p>JFA ampl\u00eda su actividad y aterriza en las Islas Baleares Leer m\u00e1s Nuevo proyecto estrat\u00e9gico en Navarra para optimizar la gesti\u00f3n farmac\u00e9utica Leer m\u00e1s Participamos por primera vez en INFARMA Leer m\u00e1s Comenzamos actividad en Arag\u00f3n Leer m\u00e1s T\u00edtulo noticia 5 Leer m\u00e1s T\u00edtulo noticia 6 Leer m\u00e1s T\u00edtulo noticia 7 Leer m\u00e1s T\u00edtulo noticia [&hellip;]<\/p>\n","protected":false},"author":1,"featured_media":0,"parent":0,"menu_order":0,"comment_status":"closed","ping_status":"closed","template":"","meta":{"footnotes":""},"class_list":["post-286","page","type-page","status-publish","hentry"],"_links":{"self":[{"href":"https:\/\/jfaconsultoria.es\/index.php?rest_route=\/wp\/v2\/pages\/286","targetHints":{"allow":["GET"]}}],"collection":[{"href":"https:\/\/jfaconsultoria.es\/index.php?rest_route=\/wp\/v2\/pages"}],"about":[{"href":"https:\/\/jfaconsultoria.es\/index.php?rest_route=\/wp\/v2\/types\/page"}],"author":[{"embeddable":true,"href":"https:\/\/jfaconsultoria.es\/index.php?rest_route=\/wp\/v2\/users\/1"}],"replies":[{"embeddable":true,"href":"https:\/\/jfaconsultoria.es\/index.php?rest_route=%2Fwp%2Fv2%2Fcomments&post=286"}],"version-history":[{"count":41,"href":"https:\/\/jfaconsultoria.es\/index.php?rest_route=\/wp\/v2\/pages\/286\/revisions"}],"predecessor-version":[{"id":530,"href":"https:\/\/jfaconsultoria.es\/index.php?rest_route=\/wp\/v2\/pages\/286\/revisions\/530"}],"wp:attachment":[{"href":"https:\/\/jfaconsultoria.es\/index.php?rest_route=%2Fwp%2Fv2%2Fmedia&parent=286"}],"curies":[{"name":"wp","href":"https:\/\/api.w.org\/{rel}","templated":true}]}}